{"id":338,"date":"2025-09-10T07:37:14","date_gmt":"2025-09-10T05:37:14","guid":{"rendered":"https:\/\/basen1.sokolow-mlp.pl\/?page_id=338"},"modified":"2025-09-10T07:37:14","modified_gmt":"2025-09-10T05:37:14","slug":"atrakcje","status":"publish","type":"page","link":"https:\/\/basen.sokolow-mlp.pl\/?page_id=338","title":{"rendered":"Atrakcje"},"content":{"rendered":"<div class=\"items-leading clearfix\">\n<div class=\"leading-0\">\n<h2 style=\"text-align: center;\"><b>Kryta P\u0142ywalnia w Soko\u0142owie Ma\u0142opolskim!<\/b><\/h2>\n<p align=\"justify\"><span class=\"system-pagebreak\">Kryta P\u0142ywalnia w Soko\u0142owie Ma\u0142opolskim to obiekt nowoczesny typu Aquapark, kt\u00f3ry posiada basen sportowy z sze\u015bcioma pasami o d\u0142ugo\u015bci 25m, basen rekreacyjny z masa\u017cem karku i tu\u0142owia, gejzerem wodnym i sztuczn\u0105 fal\u0105 oraz basen dla dzieci z je\u017cem wodnym i dzwonkiem. Ponadto znajduj\u0105 si\u0119 tu: zje\u017cd\u017calnia zewn\u0119trzna o d\u0142ugo\u015bci 64m, sauna sucha i mokra, jacuzzi dla dziewi\u0119ciu os\u00f3b (z mo\u017cliwo\u015bci\u0105 gwa\u0142townego sch\u0142odzenia cia\u0142a) i gabinet fizjoterapeutyczny.<\/span><\/p>\n<p align=\"justify\"><span class=\"Apple-style-span\">Baz\u0119 gastronomiczn\u0105 tworz\u0105: bar szybkiej obs\u0142ugi i sklepik z artyku\u0142ami spo\u017cywczymi, w kt\u00f3rym mo\u017cna kupi\u0107 r\u00f3wnie\u017c czepek k\u0105pielowy, okulary czy pielucho majtki dla najm\u0142odszych uczestnik\u00f3w k\u0105pieli. Przy basenie znajduje si\u0119 parking na 90 aut, 4 miejsca postojowe dla niepe\u0142nosprawnych, a tak\u017ce miejsce parkingowe dla rowerzyst\u00f3w. Ca\u0142y obiekt wyposa\u017cony jest w system monitoringu ca\u0142odobowego. Na p\u0142ywalni b\u0119d\u0105 odbywa\u0107 si\u0119 zaj\u0119cia aqua aerobiku i nauki p\u0142ywania indywidualnego, grupowego oraz grup zorganizowanych ze szk\u00f3\u0142.<\/span><\/p>\n<p>&nbsp;<\/p>\n<p><span class=\"system-pagebreak\">W sk\u0142ad kompleksu wchodz\u0105:<\/span><\/p>\n<ul>\n<li>Basen sportowy o wymiarach 25 m x 12 m, g\u0142\u0119boko\u015b\u0107 1,2 m \u2013 1,8 m, sze\u015b\u0107 tor\u00f3w p\u0142ywackich i widownia na 110 miejsc.<\/li>\n<li>Wielofunkcyjny basen rekreacyjny i wymiarach 16 m x 12 m z wieloma atrakcjami, takimi jak: dysze masa\u017cu karku, szeroka i w\u0105ska sztuczna fala, gejzer i cztery ma\u0142e dysze og\u00f3lnego masa\u017cu cia\u0142a g\u0142\u0119boko\u015bci od 0,6 m do 1,2 m.<\/li>\n<li>Zje\u017cd\u017calnia zewn\u0119trzna o d\u0142ugo\u015bci 64m.<\/li>\n<li>Brodzik dla najm\u0142odszych o wymiarach 4,5 m x 4,5 m z takimi atrakcjami jak: parasol wodny i je\u017c wodny. G\u0142\u0119boko\u015b\u0107 brodzika wynosi od 0,3 m do 0,6 m.<\/li>\n<li>Sauny \u2013 mokra i sucha, z panelami prysznicowymi i kube\u0142kiem zimnej wody.<\/li>\n<li>Bar &#8222;Lubi\u0119 to&#8221;<\/li>\n<li>Gabinet fizjoterapii<\/li>\n<\/ul>\n<h2 style=\"text-align: center;\"><\/h2>\n<h2 style=\"text-align: center;\"><b>Godziny otwarcia: pon. &#8211; pt. od 6:00 \u2013 22:00<\/b><\/h2>\n<h2 style=\"text-align: center;\"><b> sob. &#8211; Nd. od 7:00 &#8211; 22:00<\/b><\/h2>\n<h2 style=\"text-align: center;\"><b>\u00a0<\/b><\/h2>\n<h1 style=\"text-align: center;\"><b>ZAPRASZAMY!!!<\/b><\/h1>\n<\/div>\n<\/div>\n","protected":false},"excerpt":{"rendered":"<p>Kryta P\u0142ywalnia w Soko\u0142owie Ma\u0142opolskim! Kryta P\u0142ywalnia w Soko\u0142owie Ma\u0142opolskim to obiekt nowoczesny typu Aquapark, kt\u00f3ry posiada basen sportowy z sze\u015bcioma pasami o d\u0142ugo\u015bci 25m, basen rekreacyjny z masa\u017cem karku i tu\u0142owia, gejzerem wodnym i sztuczn\u0105 fal\u0105 oraz basen dla dzieci z je\u017cem wodnym i dzwonkiem. Ponadto znajduj\u0105 si\u0119 tu: zje\u017cd\u017calnia zewn\u0119trzna o d\u0142ugo\u015bci 64m, [&hellip;]<\/p>\n","protected":false},"author":4,"featured_media":0,"parent":0,"menu_order":0,"comment_status":"closed","ping_status":"closed","template":"","meta":{"footnotes":""},"class_list":["post-338","page","type-page","status-publish","hentry"],"_links":{"self":[{"href":"https:\/\/basen.sokolow-mlp.pl\/index.php?rest_route=\/wp\/v2\/pages\/338","targetHints":{"allow":["GET"]}}],"collection":[{"href":"https:\/\/basen.sokolow-mlp.pl\/index.php?rest_route=\/wp\/v2\/pages"}],"about":[{"href":"https:\/\/basen.sokolow-mlp.pl\/index.php?rest_route=\/wp\/v2\/types\/page"}],"author":[{"embeddable":true,"href":"https:\/\/basen.sokolow-mlp.pl\/index.php?rest_route=\/wp\/v2\/users\/4"}],"replies":[{"embeddable":true,"href":"https:\/\/basen.sokolow-mlp.pl\/index.php?rest_route=%2Fwp%2Fv2%2Fcomments&post=338"}],"version-history":[{"count":1,"href":"https:\/\/basen.sokolow-mlp.pl\/index.php?rest_route=\/wp\/v2\/pages\/338\/revisions"}],"predecessor-version":[{"id":339,"href":"https:\/\/basen.sokolow-mlp.pl\/index.php?rest_route=\/wp\/v2\/pages\/338\/revisions\/339"}],"wp:attachment":[{"href":"https:\/\/basen.sokolow-mlp.pl\/index.php?rest_route=%2Fwp%2Fv2%2Fmedia&parent=338"}],"curies":[{"name":"wp","href":"https:\/\/api.w.org\/{rel}","templated":true}]}}