{"id":336,"date":"2025-09-10T07:35:47","date_gmt":"2025-09-10T05:35:47","guid":{"rendered":"https:\/\/basen1.sokolow-mlp.pl\/?page_id=336"},"modified":"2025-09-10T07:35:47","modified_gmt":"2025-09-10T05:35:47","slug":"plywanie-korekcyjne","status":"publish","type":"page","link":"https:\/\/basen.sokolow-mlp.pl\/?page_id=336","title":{"rendered":"P\u0142ywanie Korekcyjne"},"content":{"rendered":"<div>\n<p>Je\u017celi Twoje dziecko ma problem z kr\u0119gos\u0142upem, powinno regularnie \u0107wiczy\u0107 w domu, jednak brakuje mu ch\u0119ci<\/p>\n<p>&nbsp;<\/p>\n<p><strong>ZAPISZ JE NA P\u0141YWANIE KOREKCYJNE!<\/strong><\/p>\n<p>&nbsp;<\/p>\n<p><strong>P\u0142ywanie Korekcyjne sprzyja:<\/strong><\/p>\n<p>&#8211; korygowaniu wad postawy,<\/p>\n<p>&#8211; likwidacji dystonii mi\u0119\u015bniowej,<\/p>\n<p>&#8211; wyrobieniu silnego gorsetu mi\u0119\u015bniowego,<\/p>\n<p>&#8211; wyrobieniu koordynacji ruchowej,<\/p>\n<p>&#8211; oddzia\u0142ywaniu na uk\u0142ad oddechowy oraz zwi\u0119kszeniu pojemno\u015bci oddechowej p\u0142uc.<\/p>\n<p>&nbsp;<\/p>\n<p>Wi\u0119cej informacji pod numerem <strong>509-670-121<\/strong><\/p>\n<\/div>\n","protected":false},"excerpt":{"rendered":"<p>Je\u017celi Twoje dziecko ma problem z kr\u0119gos\u0142upem, powinno regularnie \u0107wiczy\u0107 w domu, jednak brakuje mu ch\u0119ci &nbsp; ZAPISZ JE NA P\u0141YWANIE KOREKCYJNE! &nbsp; P\u0142ywanie Korekcyjne sprzyja: &#8211; korygowaniu wad postawy, &#8211; likwidacji dystonii mi\u0119\u015bniowej, &#8211; wyrobieniu silnego gorsetu mi\u0119\u015bniowego, &#8211; wyrobieniu koordynacji ruchowej, &#8211; oddzia\u0142ywaniu na uk\u0142ad oddechowy oraz zwi\u0119kszeniu pojemno\u015bci oddechowej p\u0142uc. &nbsp; Wi\u0119cej [&hellip;]<\/p>\n","protected":false},"author":4,"featured_media":0,"parent":0,"menu_order":0,"comment_status":"closed","ping_status":"closed","template":"","meta":{"footnotes":""},"class_list":["post-336","page","type-page","status-publish","hentry"],"_links":{"self":[{"href":"https:\/\/basen.sokolow-mlp.pl\/index.php?rest_route=\/wp\/v2\/pages\/336","targetHints":{"allow":["GET"]}}],"collection":[{"href":"https:\/\/basen.sokolow-mlp.pl\/index.php?rest_route=\/wp\/v2\/pages"}],"about":[{"href":"https:\/\/basen.sokolow-mlp.pl\/index.php?rest_route=\/wp\/v2\/types\/page"}],"author":[{"embeddable":true,"href":"https:\/\/basen.sokolow-mlp.pl\/index.php?rest_route=\/wp\/v2\/users\/4"}],"replies":[{"embeddable":true,"href":"https:\/\/basen.sokolow-mlp.pl\/index.php?rest_route=%2Fwp%2Fv2%2Fcomments&post=336"}],"version-history":[{"count":1,"href":"https:\/\/basen.sokolow-mlp.pl\/index.php?rest_route=\/wp\/v2\/pages\/336\/revisions"}],"predecessor-version":[{"id":337,"href":"https:\/\/basen.sokolow-mlp.pl\/index.php?rest_route=\/wp\/v2\/pages\/336\/revisions\/337"}],"wp:attachment":[{"href":"https:\/\/basen.sokolow-mlp.pl\/index.php?rest_route=%2Fwp%2Fv2%2Fmedia&parent=336"}],"curies":[{"name":"wp","href":"https:\/\/api.w.org\/{rel}","templated":true}]}}