{"id":334,"date":"2025-09-10T07:35:11","date_gmt":"2025-09-10T05:35:11","guid":{"rendered":"https:\/\/basen1.sokolow-mlp.pl\/?page_id=334"},"modified":"2026-01-02T08:29:03","modified_gmt":"2026-01-02T07:29:03","slug":"aqua-aerobik","status":"publish","type":"page","link":"https:\/\/basen.sokolow-mlp.pl\/?page_id=334","title":{"rendered":"Aqua-Aerobik"},"content":{"rendered":"<div class=\"kvgmc6g5 cxmmr5t8 oygrvhab hcukyx3x c1et5uql ii04i59q\">\n<div dir=\"auto\" style=\"text-align: center;\">Zapraszamy wszystkich zainteresowanych do udzia\u0142u w zaj\u0119ciach wodnych w rytm muzyki.<\/div>\n<p>&nbsp;<\/p>\n<div dir=\"auto\" style=\"text-align: center;\">Zaj\u0119cia z Aqua Aerobiku odbywa\u0107 si\u0119 b\u0119d\u0105 wed\u0142ug poni\u017cszego harmonogramu:<\/div>\n<p>&nbsp;<\/p>\n<div dir=\"auto\" style=\"text-align: center;\">Poniedzia\u0142ek godzina 20:00-20:45<\/div>\n<div dir=\"auto\" style=\"text-align: center;\">\u00a0\u015aroda godzina\u00a020:00- 20:45<\/div>\n<p>&nbsp;<\/p>\n<div dir=\"auto\" style=\"text-align: center;\">\n<div dir=\"auto\">\n<div dir=\"auto\">Zapraszamy!<\/div>\n<p>&nbsp;<\/p>\n<div dir=\"auto\"><strong>Koszt zaj\u0119\u0107 \u2013 28 z\u0142. (obejmuje bilet wst\u0119pu na p\u0142ywalni\u0119).<\/strong><\/div>\n<\/div>\n<\/div>\n<\/div>\n","protected":false},"excerpt":{"rendered":"<p>Zapraszamy wszystkich zainteresowanych do udzia\u0142u w zaj\u0119ciach wodnych w rytm muzyki. &nbsp; Zaj\u0119cia z Aqua Aerobiku odbywa\u0107 si\u0119 b\u0119d\u0105 wed\u0142ug poni\u017cszego harmonogramu: &nbsp; Poniedzia\u0142ek godzina 20:00-20:45 \u00a0\u015aroda godzina\u00a020:00- 20:45 &nbsp; Zapraszamy! &nbsp; Koszt zaj\u0119\u0107 \u2013 28 z\u0142. (obejmuje bilet wst\u0119pu na p\u0142ywalni\u0119).<\/p>\n","protected":false},"author":4,"featured_media":0,"parent":0,"menu_order":0,"comment_status":"closed","ping_status":"closed","template":"","meta":{"footnotes":""},"class_list":["post-334","page","type-page","status-publish","hentry"],"_links":{"self":[{"href":"https:\/\/basen.sokolow-mlp.pl\/index.php?rest_route=\/wp\/v2\/pages\/334","targetHints":{"allow":["GET"]}}],"collection":[{"href":"https:\/\/basen.sokolow-mlp.pl\/index.php?rest_route=\/wp\/v2\/pages"}],"about":[{"href":"https:\/\/basen.sokolow-mlp.pl\/index.php?rest_route=\/wp\/v2\/types\/page"}],"author":[{"embeddable":true,"href":"https:\/\/basen.sokolow-mlp.pl\/index.php?rest_route=\/wp\/v2\/users\/4"}],"replies":[{"embeddable":true,"href":"https:\/\/basen.sokolow-mlp.pl\/index.php?rest_route=%2Fwp%2Fv2%2Fcomments&post=334"}],"version-history":[{"count":5,"href":"https:\/\/basen.sokolow-mlp.pl\/index.php?rest_route=\/wp\/v2\/pages\/334\/revisions"}],"predecessor-version":[{"id":440,"href":"https:\/\/basen.sokolow-mlp.pl\/index.php?rest_route=\/wp\/v2\/pages\/334\/revisions\/440"}],"wp:attachment":[{"href":"https:\/\/basen.sokolow-mlp.pl\/index.php?rest_route=%2Fwp%2Fv2%2Fmedia&parent=334"}],"curies":[{"name":"wp","href":"https:\/\/api.w.org\/{rel}","templated":true}]}}