{"id":330,"date":"2025-09-10T07:33:04","date_gmt":"2025-09-10T05:33:04","guid":{"rendered":"https:\/\/basen1.sokolow-mlp.pl\/?page_id=330"},"modified":"2026-01-02T08:29:27","modified_gmt":"2026-01-02T07:29:27","slug":"indywidualna-nauka-plywania","status":"publish","type":"page","link":"https:\/\/basen.sokolow-mlp.pl\/?page_id=330","title":{"rendered":"Indywidualna Nauka P\u0142ywania"},"content":{"rendered":"<div>\n<p style=\"text-align: center;\"><strong>Indywidualne lekcje p\u0142ywania dla dzieci i doros\u0142ych<\/strong><\/p>\n<table class=\"mceItemTable\" border=\"0\" frame=\"box\" rules=\"all\" align=\"center\">\n<tbody>\n<tr>\n<td>Liczba os\u00f3b<\/td>\n<td>Cena za lekcj\u0119<\/td>\n<\/tr>\n<tr>\n<td rowspan=\"1\">1<\/td>\n<td>95z\u0142 + bilet<\/td>\n<\/tr>\n<tr>\n<td>2<\/td>\n<td>120z\u0142 + bilet<\/td>\n<\/tr>\n<tr>\n<td>3<\/td>\n<td>130z\u0142 + bilet<\/td>\n<\/tr>\n<tr>\n<td>4<\/td>\n<td>140z\u0142 + bilet<\/td>\n<\/tr>\n<\/tbody>\n<\/table>\n<p>&nbsp;<\/p>\n<p><strong>Regulamin lekcji indywidualnych obowi\u0105zuj\u0105cy na Krytej P\u0142ywalni w Soko\u0142owie Ma\u0142opolskim<\/strong><\/p>\n<p>1. Lekcje indywidualne odbywaj\u0105 si\u0119 na Krytej P\u0142ywalni w Soko\u0142owie Ma\u0142opolskim i prowadzone s\u0105 jedynie przez instruktor\u00f3w zatrudnionych na Krytej P\u0142ywalni.<\/p>\n<p>2. Zg\u0142oszenia na lekcje indywidualne odbywaj\u0105 si\u0119 poprzez formularz elektroniczny dost\u0119pny pod linkiem: <strong><a href=\"https:\/\/forms.gle\/kkUW4Jab9y7Ya8Bk8\">FORMULARZ ZG\u0141OSZE\u0143<\/a><\/strong><\/p>\n<p>3. Instruktorzy kontaktuj\u0105 si\u0119 w celu ustalenia terminu pierwszych zaj\u0119\u0107, o ile s\u0105 wolne terminy.<\/p>\n<p>4. W razie braku miejsc w danym okresie, o kolejno\u015bci decyduje termin zg\u0142oszenia.<\/p>\n<p>5. Op\u0142ata za lekcje indywidualne odbywa si\u0119 w kasie p\u0142ywalni, przed lekcj\u0105.<\/p>\n<p>6. Lekcja z instruktorem trwa <strong>45<\/strong> minut.<\/p>\n<p>7. \u0141\u0105czny czas pobytu ucznia na p\u0142ywalni, od momentu przekroczenia bramki kasowej wynosi <strong>60<\/strong> minut.<\/p>\n<p>8. Po przekroczeniu tego czasu, zostanie naliczona dop\u0142ata wed\u0142ug cennika p\u0142ywalni.<\/p>\n<p>9. Rodzic niepe\u0142noletniego ucznia w przypadku nieobecno\u015bci go podczas lekcji zobowi\u0105zany jest do zostawienia instruktorowi swojego numeru telefonu, o ile sam nie korzysta z basenu.<\/p>\n<p>10. Uiszczenie op\u0142aty za lekcje indywidualne jest r\u00f3wnoznaczne z akceptacj\u0105 niniejszego regulaminu i zarz\u0105dze\u0144 obowi\u0105zuj\u0105cych na Krytej P\u0142ywalni.<\/p>\n<hr \/>\n<p>&nbsp;<\/p>\n<h2 style=\"text-align: center;\"><strong><a href=\"https:\/\/forms.gle\/kkUW4Jab9y7Ya8Bk8\">FORMULARZ ZG\u0141OSZE\u0143<\/a><\/strong><\/h2>\n<p>&nbsp;<\/p>\n<p><strong>ZASADY KORZYSTANIA Z FORMULARZA ZG\u0141OSZE\u0143 NA LEKCJE INDYWIDUALNE<\/strong><\/p>\n<p>&nbsp;<\/p>\n<p>1. Dane Zg\u0142oszonej Osoby przechowywane s\u0105 w bazie klient\u00f3w zainteresowanych zaj\u0119ciami przez okres 3 miesi\u0119cy od daty zg\u0142oszenia,<\/p>\n<p>2. Kontakt Instruktora nast\u0119puje tylko wtedy gdy pojawi si\u0119 wolny termin na zrealizowanie zaj\u0119\u0107,<\/p>\n<p>3. Po up\u0142ywie 3 miesi\u0119cy i braku kontaktu ze strony Instruktora dane osoby zainteresowanej s\u0105 usuwane,<\/p>\n<p>4. W przypadku dalszej ch\u0119ci oczekiwania na miejsce po 3 miesi\u0105cach trzeba wype\u0142ni\u0107 formularz ponownie,<\/p>\n<p>5. Instruktor, kt\u00f3ry posiada wolny termin kontaktuje si\u0119 z osobami z bazy chronologicznie wed\u0142ug daty zg\u0142oszenia oraz poziomu i wieku osoby zg\u0142oszonej,<\/p>\n<p>&nbsp;<\/p>\n<p><strong>ZE WZGL\u0118DU NA BARDZO DU\u017bE ZAINTERESOWANIE PROSIMY UZBROI\u0106 SI\u0118 W CIERPLIWO\u015a\u0106 ORAZ OCZEKIWA\u0106 NA KONTAKT ZE STRONY INSTRUKTOR\u00d3W.<\/strong><\/p>\n<\/div>\n","protected":false},"excerpt":{"rendered":"<p>Indywidualne lekcje p\u0142ywania dla dzieci i doros\u0142ych Liczba os\u00f3b Cena za lekcj\u0119 1 95z\u0142 + bilet 2 120z\u0142 + bilet 3 130z\u0142 + bilet 4 140z\u0142 + bilet &nbsp; Regulamin lekcji indywidualnych obowi\u0105zuj\u0105cy na Krytej P\u0142ywalni w Soko\u0142owie Ma\u0142opolskim 1. Lekcje indywidualne odbywaj\u0105 si\u0119 na Krytej P\u0142ywalni w Soko\u0142owie Ma\u0142opolskim i prowadzone s\u0105 jedynie przez [&hellip;]<\/p>\n","protected":false},"author":4,"featured_media":0,"parent":0,"menu_order":0,"comment_status":"closed","ping_status":"closed","template":"","meta":{"footnotes":""},"class_list":["post-330","page","type-page","status-publish","hentry"],"_links":{"self":[{"href":"https:\/\/basen.sokolow-mlp.pl\/index.php?rest_route=\/wp\/v2\/pages\/330","targetHints":{"allow":["GET"]}}],"collection":[{"href":"https:\/\/basen.sokolow-mlp.pl\/index.php?rest_route=\/wp\/v2\/pages"}],"about":[{"href":"https:\/\/basen.sokolow-mlp.pl\/index.php?rest_route=\/wp\/v2\/types\/page"}],"author":[{"embeddable":true,"href":"https:\/\/basen.sokolow-mlp.pl\/index.php?rest_route=\/wp\/v2\/users\/4"}],"replies":[{"embeddable":true,"href":"https:\/\/basen.sokolow-mlp.pl\/index.php?rest_route=%2Fwp%2Fv2%2Fcomments&post=330"}],"version-history":[{"count":6,"href":"https:\/\/basen.sokolow-mlp.pl\/index.php?rest_route=\/wp\/v2\/pages\/330\/revisions"}],"predecessor-version":[{"id":441,"href":"https:\/\/basen.sokolow-mlp.pl\/index.php?rest_route=\/wp\/v2\/pages\/330\/revisions\/441"}],"wp:attachment":[{"href":"https:\/\/basen.sokolow-mlp.pl\/index.php?rest_route=%2Fwp%2Fv2%2Fmedia&parent=330"}],"curies":[{"name":"wp","href":"https:\/\/api.w.org\/{rel}","templated":true}]}}