{"id":322,"date":"2025-09-10T07:10:50","date_gmt":"2025-09-10T05:10:50","guid":{"rendered":"https:\/\/basen1.sokolow-mlp.pl\/?page_id=322"},"modified":"2026-03-31T10:20:32","modified_gmt":"2026-03-31T08:20:32","slug":"akademia-plywania","status":"publish","type":"page","link":"https:\/\/basen.sokolow-mlp.pl\/?page_id=322","title":{"rendered":"Akademia P\u0142ywania"},"content":{"rendered":"<p>&nbsp;<\/p>\n<p style=\"text-align: center;\">Prosimy o zapoznanie si\u0119 ze szczeg\u00f3\u0142owym harmonogramem zaj\u0119\u0107 i wytycznymi na stronie www p\u0142ywalni oraz\u00a0stronie <a href=\"https:\/\/www.facebook.com\/akademiaplywaniasokolow\" rel=\"alternate\">Facebook Akademia P\u0142ywania<\/a>.<\/p>\n<p><center><a href=\"https:\/\/basen.sokolow-mlp.pl\/wp-content\/uploads\/2026\/03\/akademiakwiecien.jpg\"><img loading=\"lazy\" decoding=\"async\" class=\"aligncenter wp-image-479 size-large\" src=\"https:\/\/basen.sokolow-mlp.pl\/wp-content\/uploads\/2026\/03\/akademiakwiecien-724x1024.jpg\" alt=\"\" width=\"724\" height=\"1024\" srcset=\"https:\/\/basen.sokolow-mlp.pl\/wp-content\/uploads\/2026\/03\/akademiakwiecien-724x1024.jpg 724w, https:\/\/basen.sokolow-mlp.pl\/wp-content\/uploads\/2026\/03\/akademiakwiecien-212x300.jpg 212w, https:\/\/basen.sokolow-mlp.pl\/wp-content\/uploads\/2026\/03\/akademiakwiecien-768x1086.jpg 768w, https:\/\/basen.sokolow-mlp.pl\/wp-content\/uploads\/2026\/03\/akademiakwiecien-1086x1536.jpg 1086w, https:\/\/basen.sokolow-mlp.pl\/wp-content\/uploads\/2026\/03\/akademiakwiecien.jpg 1414w\" sizes=\"auto, (max-width: 724px) 100vw, 724px\" \/><\/a><\/center><\/p>\n<h2 style=\"text-align: center;\">REGULAMIN<\/h2>\n<h2 style=\"text-align: center;\">AKADEMII P\u0141YWANIA<\/h2>\n<h2 style=\"text-align: center;\">Przy Krytej P\u0142ywalni w Soko\u0142owie Ma\u0142opolskim<\/h2>\n<h2 style=\"text-align: center;\">ROK SZKOLNY 2025\/2026<\/h2>\n<p>&nbsp;<\/p>\n<p>1.Organizatorem zaj\u0119\u0107 jest Akademia P\u0142ywania przy Krytej P\u0142ywalni w Soko\u0142owie Ma\u0142opolskim.<br \/>\n2.Zaj\u0119cia maj\u0105 charakter etapowy oraz prowadz\u0105 je wykwalifikowani\u00a0instruktorzy.<br \/>\n3.Rozpocz\u0119cie zaj\u0119\u0107 jest poprzedzone zebraniem organizacyjnym z\u00a0organizatorem b\u0105d\u017a prowadz\u0105cym zaj\u0119cia.<br \/>\n4.Przyst\u0105pienie do zaj\u0119\u0107 oznacza brak przeciwwskaza\u0144 zdrowotnych do udzia\u0142u dziecka w nauce p\u0142ywania. Nie jest wymagane za\u015bwiadczenie lekarskie.<br \/>\n5.Harmonogram zaj\u0119\u0107:<br \/>\n&#8211; Zaj\u0119cia b\u0119d\u0105 si\u0119 odbywa\u0142y: Wtorki i Czwartki lub Poniedzia\u0142ki i \u015arody (w godzinach 15-20).<br \/>\n6.Podzia\u0142 i godziny zaj\u0119\u0107 poszczeg\u00f3lnych grup zostanie ustalony przez organizator\u00f3w i\u00a0podany do wiadomo\u015bci zainteresowanych.<br \/>\n7.Kryterium podzia\u0142u na grupy jest wiek i\u00a0umiej\u0119tno\u015bci adepta.<br \/>\n8.Opiekun jest zobowi\u0105zany do wype\u0142nienia karty zg\u0142oszeniowej, dost\u0119pnej pod tablic\u0105 informacyjn\u0105 Akademii P\u0142ywania, na stronie Facebook \u2013Akademia P\u0142ywania oraz na stronie internetowej \u2013www.basen.sokolow-mlp.pl<br \/>\n9.Uczestnicy i opiekunowie zobowi\u0105zani s\u0105 do zapoznania si\u0119 i\u00a0przestrzegania regulaminu Krytej P\u0142ywalni oraz regulaminu Akademii P\u0142ywania.<br \/>\n10.Za bezpiecze\u0144stwo grupy podczas zaj\u0119\u0107 odpowiada instruktor grupy\u00a0i ratownik. Za bezpiecze\u0144stwo w\u00a0szatniach odpowiadaj\u0105 opiekunowie dziecka.<br \/>\n11. P\u0142atno\u015bci:<br \/>\na) P\u0142atno\u015b\u0107 za zaj\u0119cia wynosi <strong>208 z\u0142 <\/strong>za osiem zaj\u0119\u0107 w miesi\u0105cu.<br \/>\n<strong>Op\u0142at\u0119 nale\u017cy ui\u015bci\u0107 przed pierwszymi zaj\u0119ciami danego miesi\u0105ca.<\/strong><br \/>\nb) Zni\u017cka Rodzinna: P\u0142atno\u015b\u0107 za kolejne dziecko z rodze\u0144stwa wynosi <strong>182 z\u0142.<\/strong><br \/>\n12.\u00a0Nieobecno\u015bci.<\/p>\n<p><strong>a) W przypadku nieobecno\u015bci na co najmniej czterech zaj\u0119ciach w miesi\u0105cu AKADEMIA P\u0141YWANIA pomniejsza kwot\u0119 za zaj\u0119cia w kolejnym miesi\u0105cu do 156 z\u0142. (dotyczy to r\u00f3wnie\u017c kolejnego dziecka z rodze\u0144stwa).<\/strong><\/p>\n<p><strong>b) W przypadku nieobecno\u015bci na co najmniej sze\u015bciu zaj\u0119ciach w miesi\u0105cu AKADEMIA P\u0141YWANIA pomniejsza kwot\u0119 za zaj\u0119cia w kolejnym miesi\u0105cu do 104 z\u0142. (dotyczy to r\u00f3wnie\u017c kolejnego dziecka z rodze\u0144stwa).<\/strong><\/p>\n<p>c) W przypadku gdy zaj\u0119\u0107 w miesi\u0105cu jest mniej ni\u017c osiem, odliczenia za nieobecno\u015bci nie obowi\u0105zuj\u0105.<br \/>\nd) Za pojedyncze nieobecno\u015bci AKADEMIA P\u0141YWANIA nie dokonuje zwrot\u00f3w.<br \/>\n<strong>e) Wszelkie sytuacje losowe powoduj\u0105ce d\u0142u\u017csze nieobecno\u015bci b\u0119d\u0105 rozstrzygane indywidualnie.<\/strong><br \/>\nf)\u00a0 W przypadku nieobecno\u015bci ucznia przez miesi\u0105c bez usprawiedliwienia, istnieje mo\u017cliwo\u015b\u0107 wykre\u015blenia ucznia z listy.<br \/>\n13.Op\u0142ata za zaj\u0119cia obejmuje wst\u0119p na p\u0142ywalni\u0119 oraz 45 min zaj\u0119\u0107 z instruktorem.<br \/>\n14. Po przekroczeniu przez ucznia 1 godziny zostanie naliczona op\u0142ata zgodnie z cennikiem basenowym.<br \/>\n15.Opiekunowie chc\u0105cy przebywa\u0107 na hali basenowej musz\u0105 wykupi\u0107 osobny bilet wst\u0119pu.<br \/>\n16.Opiekun zobowi\u0105zany jest odprowadzi\u0107 dziecko na zbi\u00f3rk\u0119 z instruktorem i odebra\u0107 dziecko ze zbi\u00f3rki po sko\u0144czonych zaj\u0119ciach.<br \/>\n17. Opiekun odprowadzaj\u0105cy ucznia tylko na zbi\u00f3rk\u0119 pocz\u0105tkow\u0105 i ko\u0144cow\u0105 otrzymuje darmowy kluczyk na czas 15 minut w celu pomocy dziecku w szatni. Po przekroczeniu tego czasu przed zwrotem kluczyka, zostanie naliczona op\u0142ata zgodna z cennikiem.<br \/>\n18.Zaj\u0119cia\u00a0 niezrealizowane z przyczyn organizatora zostan\u0105 zrealizowane w innym terminie.<br \/>\n19.Organizator zastrzega sobie prawo do zmian zasad w prowadzeniu szko\u0142y oraz regulaminu w dowolnym terminie.<br \/>\n20. Sprawy organizacyjne nale\u017cy rozstrzyga\u0107 wy\u0142\u0105cznie z\u00a0prowadz\u0105cymi instruktorami.<br \/>\n21. Uczestnicy zaj\u0119\u0107, b\u0105d\u017a ich Opiekunowie, wyra\u017caj\u0105 zgod\u0119 na rejestracj\u0119 oraz publikacj\u0119 zdj\u0119\u0107 i nagra\u0144 wykonanych podczas zaj\u0119\u0107 oraz przetwarzanie danych osobowych przez AKADEMI\u0118 P\u0141YWANIA i Kryt\u0105 P\u0142ywalni\u0119 w Soko\u0142owie M\u0142p. (w zw. z art. 23 ust 1 i 2 z dn. 29.08.97. o ochronie danych \u00a0os\u00f3b.) w celach zwi\u0105zanych z dzia\u0142alno\u015bci\u0105 AKADEMII P\u0141YWANIA i promocji dzia\u0142alno\u015bci prowadzonej przez AKADEMI\u0118 P\u0141YWANIA.<br \/>\n22. Opiekun prawny zapozna\u0142 si\u0119 z zasadami zgodnymi z Rozporz\u0105dzeniem Parlamentu Europejskiego i Rady (UE)2016\/679 z dnia 27 kwietnia 2016 r. dotycz\u0105cym ochrony danych osobowych (RODO) na stronie:<br \/>\nhttp:\/\/www.basen.sokolow-mlp.pl\/index.php\/aktualnosci\/komunikaty oraz wyra\u017ca zgod\u0119 na przetwarzanie danych osobowych na cele i potrzeby Krytej P\u0142ywalni w Soko\u0142owie Ma\u0142opolskim.<br \/>\n23.Udzia\u0142 w zaj\u0119ciach jest jednoznaczny z akceptacj\u0105 regulaminu.<br \/>\n24.Nieprzestrzeganie regulamin\u00f3w powoduje skre\u015blenie uczestnika\u00a0z listy bez mo\u017cliwo\u015bci zwrotu koszt\u00f3w.<br \/>\n25.Harmonogram zaj\u0119\u0107, informacje bie\u017c\u0105ce umieszczane b\u0119d\u0105 na tablicy informacyjnej w holu p\u0142ywalni oraz na stronie<br \/>\n<a href=\"http:\/\/www.basen.sokolow-mlp.pl\/\">www.basen.sokolow-mlp.pl<\/a> i Facebook Akademia P\u0142ywania.<\/p>\n<p>&nbsp;<\/p>\n<p style=\"text-align: center;\">KONTAKT:<\/p>\n<p style=\"text-align: center;\">FACEBOOK<br \/>\n<a href=\"https:\/\/www.facebook.com\/akademiaplywaniasokolow\">https:\/\/www.facebook.com\/akademiaplywaniasokolow<\/a><\/p>\n<p style=\"text-align: center;\">e-mail:\u00a0<span id=\"cloakb0af27a7801ef81f11158f332299f5e3\"><a href=\"mailto:akademia.psokolow@gmail.com\">akademia.psokolow@gmail.com<\/a><\/span><\/p>\n","protected":false},"excerpt":{"rendered":"<p>&nbsp; Prosimy o zapoznanie si\u0119 ze szczeg\u00f3\u0142owym harmonogramem zaj\u0119\u0107 i wytycznymi na stronie www p\u0142ywalni oraz\u00a0stronie Facebook Akademia P\u0142ywania. REGULAMIN AKADEMII P\u0141YWANIA Przy Krytej P\u0142ywalni w Soko\u0142owie Ma\u0142opolskim ROK SZKOLNY 2025\/2026 &nbsp; 1.Organizatorem zaj\u0119\u0107 jest Akademia P\u0142ywania przy Krytej P\u0142ywalni w Soko\u0142owie Ma\u0142opolskim. 2.Zaj\u0119cia maj\u0105 charakter etapowy oraz prowadz\u0105 je wykwalifikowani\u00a0instruktorzy. 3.Rozpocz\u0119cie zaj\u0119\u0107 jest poprzedzone [&hellip;]<\/p>\n","protected":false},"author":4,"featured_media":0,"parent":0,"menu_order":0,"comment_status":"closed","ping_status":"closed","template":"","meta":{"footnotes":""},"class_list":["post-322","page","type-page","status-publish","hentry"],"_links":{"self":[{"href":"https:\/\/basen.sokolow-mlp.pl\/index.php?rest_route=\/wp\/v2\/pages\/322","targetHints":{"allow":["GET"]}}],"collection":[{"href":"https:\/\/basen.sokolow-mlp.pl\/index.php?rest_route=\/wp\/v2\/pages"}],"about":[{"href":"https:\/\/basen.sokolow-mlp.pl\/index.php?rest_route=\/wp\/v2\/types\/page"}],"author":[{"embeddable":true,"href":"https:\/\/basen.sokolow-mlp.pl\/index.php?rest_route=\/wp\/v2\/users\/4"}],"replies":[{"embeddable":true,"href":"https:\/\/basen.sokolow-mlp.pl\/index.php?rest_route=%2Fwp%2Fv2%2Fcomments&post=322"}],"version-history":[{"count":15,"href":"https:\/\/basen.sokolow-mlp.pl\/index.php?rest_route=\/wp\/v2\/pages\/322\/revisions"}],"predecessor-version":[{"id":480,"href":"https:\/\/basen.sokolow-mlp.pl\/index.php?rest_route=\/wp\/v2\/pages\/322\/revisions\/480"}],"wp:attachment":[{"href":"https:\/\/basen.sokolow-mlp.pl\/index.php?rest_route=%2Fwp%2Fv2%2Fmedia&parent=322"}],"curies":[{"name":"wp","href":"https:\/\/api.w.org\/{rel}","templated":true}]}}