{"id":286,"date":"2025-09-10T06:07:10","date_gmt":"2025-09-10T04:07:10","guid":{"rendered":"https:\/\/basen1.sokolow-mlp.pl\/?page_id=286"},"modified":"2025-09-10T06:07:10","modified_gmt":"2025-09-10T04:07:10","slug":"klauzula-rodo","status":"publish","type":"page","link":"https:\/\/basen.sokolow-mlp.pl\/?page_id=286","title":{"rendered":"Klauzula RODO"},"content":{"rendered":"<h2 align=\"center\"><b>ROZPORZ\u0104DZENIE O OCHRONIE DANYCH OSOBOWYCH<\/b><\/h2>\n<p align=\"center\"><b>Szanowni Pa\u0144stwo<\/b><\/p>\n<p><strong>W zwi\u0105zku z rozpocz\u0119ciem stosowania z dniem 25 maja 2018 r. Rozporz\u0105dzenia Parlamentu Europejskiego i Rady (UE)2016\/679 z dnia 27 kwietnia 2016 r. dbaj\u0105c o bezpiecze\u0144stwo przetwarzania danych osobowych, pragniemy Pa\u0144stwa poinformowa\u0107 o kilku, niezmiernie wa\u017cnych kwestiach. Prosimy o zapoznanie si\u0119 z ni\u017cej podanymi informacjami, a w przypadku jakichkolwiek pyta\u0144 prosimy zg\u0142asza\u0107 drog\u0105 pisemn\u0105, e-mailow\u0105 lub osobi\u015bcie w Krytej P\u0142ywalni w godzinach od 8<sup>00<\/sup>\u00a0do 15<sup>00<\/sup>.<\/strong><\/p>\n<p>1. Administratorem Pani\/Pana danych osobowych jest Kryta P\u0142ywalnia 36-050 Soko\u0142\u00f3w M\u0142p. ul. Pileckich 5<\/p>\n<p>2. Pani\/Pana dane osobowe b\u0119d\u0105 przetwarzane w zakresie w jakim podanie danych jest fakultatywne \u2013 na podstawie wyra\u017conej zgody przez Pani\u0105\/Pana.<\/p>\n<p>3. Pani\/Pana dane osobowe b\u0119d\u0105 przetwarzane przez okres trwania umowy, a w przypadku danych podanych fakultatywnie \u2013 do czasu wycofania zgody, lecz nie d\u0142u\u017cej ni\u017c przez okres trwania umowy.<\/p>\n<p>4. Pani\/Pana dane osobowe przetwarzane b\u0119d\u0105 w celach i tre\u015bciach marketingowych, i b\u0119d\u0105 przetwarzane do czasu wycofania zgody lub wniesienia sprzeciwu wzgl\u0119dem takiego przetwarzania.<\/p>\n<p>5. Przys\u0142uguje Pani\/Panu prawo dost\u0119pu do tre\u015bci danych oraz \u017c\u0105dania ich sprostowania, usuni\u0119cia oraz ograniczenia w przetwarzaniu danych osobowych.<\/p>\n<p>6. Dla cel\u00f3w dowodowych Kryta P\u0142ywalnia prosi o wnoszenie sprzeciwu drog\u0105 pisemn\u0105 lub elektroniczn\u0105.<\/p>\n<p>7.\u00a0Podanie danych osobowych jest wymagane przez Kryt\u0105 P\u0142ywalni\u0119 w celu zawarcia i wykonywania umowy, z wyj\u0105tkiem danych osobowych, kt\u00f3rych podanie jest dobrowolne. Konsekwencj\u0105 niepodania danych osobowych wymaganych przez Kryt\u0105 P\u0142ywalni\u0119 jest brak mo\u017cliwo\u015bci zawarcia i wykonywania umowy.<\/p>\n","protected":false},"excerpt":{"rendered":"<p>ROZPORZ\u0104DZENIE O OCHRONIE DANYCH OSOBOWYCH Szanowni Pa\u0144stwo W zwi\u0105zku z rozpocz\u0119ciem stosowania z dniem 25 maja 2018 r. Rozporz\u0105dzenia Parlamentu Europejskiego i Rady (UE)2016\/679 z dnia 27 kwietnia 2016 r. dbaj\u0105c o bezpiecze\u0144stwo przetwarzania danych osobowych, pragniemy Pa\u0144stwa poinformowa\u0107 o kilku, niezmiernie wa\u017cnych kwestiach. Prosimy o zapoznanie si\u0119 z ni\u017cej podanymi informacjami, a w przypadku [&hellip;]<\/p>\n","protected":false},"author":4,"featured_media":0,"parent":0,"menu_order":0,"comment_status":"closed","ping_status":"closed","template":"","meta":{"footnotes":""},"class_list":["post-286","page","type-page","status-publish","hentry"],"_links":{"self":[{"href":"https:\/\/basen.sokolow-mlp.pl\/index.php?rest_route=\/wp\/v2\/pages\/286","targetHints":{"allow":["GET"]}}],"collection":[{"href":"https:\/\/basen.sokolow-mlp.pl\/index.php?rest_route=\/wp\/v2\/pages"}],"about":[{"href":"https:\/\/basen.sokolow-mlp.pl\/index.php?rest_route=\/wp\/v2\/types\/page"}],"author":[{"embeddable":true,"href":"https:\/\/basen.sokolow-mlp.pl\/index.php?rest_route=\/wp\/v2\/users\/4"}],"replies":[{"embeddable":true,"href":"https:\/\/basen.sokolow-mlp.pl\/index.php?rest_route=%2Fwp%2Fv2%2Fcomments&post=286"}],"version-history":[{"count":1,"href":"https:\/\/basen.sokolow-mlp.pl\/index.php?rest_route=\/wp\/v2\/pages\/286\/revisions"}],"predecessor-version":[{"id":287,"href":"https:\/\/basen.sokolow-mlp.pl\/index.php?rest_route=\/wp\/v2\/pages\/286\/revisions\/287"}],"wp:attachment":[{"href":"https:\/\/basen.sokolow-mlp.pl\/index.php?rest_route=%2Fwp%2Fv2%2Fmedia&parent=286"}],"curies":[{"name":"wp","href":"https:\/\/api.w.org\/{rel}","templated":true}]}}