{"id":284,"date":"2025-09-10T06:06:24","date_gmt":"2025-09-10T04:06:24","guid":{"rendered":"https:\/\/basen1.sokolow-mlp.pl\/?page_id=284"},"modified":"2025-09-10T06:12:36","modified_gmt":"2025-09-10T04:12:36","slug":"deklaracja-dostepnosci","status":"publish","type":"page","link":"https:\/\/basen.sokolow-mlp.pl\/?page_id=284","title":{"rendered":"Deklaracja Dost\u0119pno\u015bci"},"content":{"rendered":"<div>\n<p>Kryta P\u0142ywalnia w Soko\u0142owie Ma\u0142opolskim\u00a0zobowi\u0105zuje si\u0119 zapewni\u0107 dost\u0119pno\u015b\u0107 swojej strony internetowej zgodnie z ustaw\u0105 z dnia 4 kwietnia 2019 r. o dost\u0119pno\u015bci cyfrowej stron internetowych i aplikacji mobilnych podmiot\u00f3w publicznych. O\u015bwiadczenie w sprawie dost\u0119pno\u015bci ma zastosowanie do <a href=\"http:\/\/www.basen.sokolow-mlp.pl\/\" rel=\"alternate\">strony internetowej<\/a>\u00a0i <a href=\"https:\/\/basensokolow-mlp.nowybip.pl\/\" rel=\"alternate\">BIP<\/a>\u00a0Krytej P\u0142ywalni w Soko\u0142owie Ma\u0142opolskim.<\/p>\n<p>Data publikacji strony internetowej:\u00a02015-02-12<br \/>\nData ostatniej du\u017cej aktualizacji:\u00a02017-05-29<\/p>\n<p>Strona internetowa jest cz\u0119\u015bciowo zgodna z ustaw\u0105 o dost\u0119pno\u015bci cyfrowej stron internetowych i aplikacji mobilnych podmiot\u00f3w publicznych z powodu niezgodno\u015bci lub wy\u0142\u0105cze\u0144 wymienionych poni\u017cej.<\/p>\n<p>Na stronie internetowej znajduj\u0105 si\u0119 filmy, do kt\u00f3rych nie dodano napis\u00f3w dla os\u00f3b G\u0142uchych.<\/p>\n<p>O\u015bwiadczenie sporz\u0105dzono dnia:\u00a02020-09-14.<\/p>\n<p>Deklaracj\u0119 sporz\u0105dzono na podstawie samooceny przeprowadzonej przez podmiot publiczny.<\/p>\n<p>Na stronie internetowej mo\u017cna korzysta\u0107 ze standardowych skr\u00f3t\u00f3w klawiaturowych.<\/p>\n<p><strong>Informacje zwrotne i dane kontaktowe<\/strong><\/p>\n<p>W przypadku problem\u00f3w z dost\u0119pno\u015bci\u0105 strony internetowej prosimy o kontakt. Osob\u0105 odpowiedzialn\u0105 jest\u00a0 Waldemar Majka, adres poczty elektronicznej\u00a0 <span id=\"cloak681ce4ac991fec313a78981b3c96730c\"><a href=\"mailto:dyrektor_kp@op.pl\">dyrektor_kp@op.pl<\/a><\/span>. Kontaktowa\u0107 mo\u017cna si\u0119 tak\u017ce dzwoni\u0105c na numer telefonu\u00a0 17 7720020. T\u0105 sam\u0105 drog\u0105 mo\u017cna sk\u0142ada\u0107 wnioski o udost\u0119pnienie informacji niedost\u0119pnej oraz sk\u0142ada\u0107 skargi na brak zapewnienia dost\u0119pno\u015bci.<\/p>\n<p>Ka\u017cdy ma prawo do wyst\u0105pienia z \u017c\u0105daniem zapewnienia dost\u0119pno\u015bci cyfrowej strony internetowej, aplikacji mobilnej lub jakiego\u015b ich elementu. Mo\u017cna tak\u017ce za\u017c\u0105da\u0107 udost\u0119pnienia informacji w formach alternatywnych, na przyk\u0142ad odczytanie niedost\u0119pnego cyfrowo dokumentu, opisania zawarto\u015bci filmu bez audiodeskrypcji itp. \u017b\u0105danie powinno zawiera\u0107 dane osoby zg\u0142aszaj\u0105cej \u017c\u0105danie, wskazanie, o kt\u00f3r\u0105 stron\u0119 internetow\u0105 lub aplikacj\u0119 mobiln\u0105 chodzi oraz spos\u00f3b kontaktu. Je\u017celi osoba \u017c\u0105daj\u0105ca zg\u0142asza potrzeb\u0119 otrzymania informacji w formie alternatywnej, powinna tak\u017ce okre\u015bli\u0107 form\u0119 tej informacji.<\/p>\n<p>Podmiot publiczny powinien zrealizowa\u0107 \u017c\u0105danie niezw\u0142ocznie i nie p\u00f3\u017aniej, ni\u017c w ci\u0105gu 7 dni. Je\u017celi dotrzymanie tego terminu nie jest mo\u017cliwe, podmiot publiczny niezw\u0142ocznie informuje o tym, kiedy realizacja \u017c\u0105dania b\u0119dzie mo\u017cliwa, przy czym termin ten nie mo\u017ce by\u0107 d\u0142u\u017cszy ni\u017c 2 miesi\u0105ce. Je\u017celi\u00a0 zapewnienie dost\u0119pno\u015bci nie jest mo\u017cliwe, podmiot publiczny mo\u017ce zaproponowa\u0107 alternatywny spos\u00f3b dost\u0119pu do informacji.<\/p>\n<p>W przypadku, gdy podmiot odm\u00f3wi realizacji \u017c\u0105dania zapewnienia dost\u0119pno\u015bci lub alternatywnego dost\u0119pu do informacji, mo\u017cna z\u0142o\u017cy\u0107 skarg\u0119 na takie dzia\u0142anie.<\/p>\n<p>Po wyczerpaniu wszystkich mo\u017cliwo\u015bci skarg\u0119 mo\u017cna przes\u0142a\u0107 tak\u017ce do <a href=\"https:\/\/www.rpo.gov.pl\/content\/jak-zglosic-sie-do-rzecznika-praw-obywatelskich\" rel=\"alternate\">Rzecznika Praw Obywatelskich<\/a>.<\/p>\n<p><strong>Dost\u0119pno\u015b\u0107 architektoniczna<\/strong><\/p>\n<p>Kryta P\u0142ywalnia w Soko\u0142owie Ma\u0142opolskim, ul. Pileckich 5<\/p>\n<p>&#8211; Budynek posiada jedno g\u0142\u00f3wne og\u00f3lnodost\u0119pne wej\u015bcie od ul. Pileckich oraz dwa niezale\u017cne wej\u015bcia: do gabinetu rehabilitacyjnego i baru.<br \/>\n&#8211; Do wej\u015b\u0107 prowadz\u0105: schody oraz podjazdy dla w\u00f3zk\u00f3w, znajduj\u0105ce si\u0119 przy schodach do wej\u015bcia g\u0142\u00f3wnego i przy wej\u015bciu od strony ul. Sportowej.<br \/>\n&#8211; Nad wej\u015bciem nie ma g\u0142o\u015bnik\u00f3w systemu naprowadzaj\u0105cego d\u017awi\u0119kowo osoby niewidome i s\u0142abowidz\u0105ce.<br \/>\n&#8211; Wej\u015bcie nie jest zabezpieczone bramkami, bramki znajduj\u0105 si\u0119 przy kasach, gdzie jest r\u00f3wnie\u017c boczna bramka dla os\u00f3b na w\u00f3zkach<br \/>\n&#8211; Budynek posiada jedn\u0105 kondygnacj\u0119.<br \/>\n&#8211; Dla os\u00f3b na w\u00f3zkach dost\u0119pne s\u0105 korytarze i pomieszczenia na parterze.<br \/>\n&#8211; W budynku jest toaleta i szatnia dla os\u00f3b niepe\u0142nosprawnych.<br \/>\n&#8211; Przed budynkiem przy ulicy Pileckich s\u0105 wyznaczone dwa miejsca parkingowe dla os\u00f3b niepe\u0142nosprawnych.<br \/>\n&#8211; Do budynku i wszystkich jego pomieszcze\u0144, za wyj\u0105tkiem \u201estrefy mokrej\u201d P\u0142ywalni, mo\u017cna wej\u015b\u0107 z psem asystuj\u0105cym i psem przewodnikiem.<br \/>\n&#8211; W budynku nie ma p\u0119tli indukcyjnych.<br \/>\n&#8211; W budynku nie ma oznacze\u0144 w alfabecie Braille&#8217;a ani oznacze\u0144 kontrastowych lub w druku powi\u0119kszonym dla os\u00f3b niewidomych i s\u0142abowidz\u0105cych.<\/p>\n<\/div>\n","protected":false},"excerpt":{"rendered":"<p>Kryta P\u0142ywalnia w Soko\u0142owie Ma\u0142opolskim\u00a0zobowi\u0105zuje si\u0119 zapewni\u0107 dost\u0119pno\u015b\u0107 swojej strony internetowej zgodnie z ustaw\u0105 z dnia 4 kwietnia 2019 r. o dost\u0119pno\u015bci cyfrowej stron internetowych i aplikacji mobilnych podmiot\u00f3w publicznych. O\u015bwiadczenie w sprawie dost\u0119pno\u015bci ma zastosowanie do strony internetowej\u00a0i BIP\u00a0Krytej P\u0142ywalni w Soko\u0142owie Ma\u0142opolskim. Data publikacji strony internetowej:\u00a02015-02-12 Data ostatniej du\u017cej aktualizacji:\u00a02017-05-29 Strona internetowa jest [&hellip;]<\/p>\n","protected":false},"author":4,"featured_media":0,"parent":0,"menu_order":0,"comment_status":"closed","ping_status":"closed","template":"","meta":{"footnotes":""},"class_list":["post-284","page","type-page","status-publish","hentry"],"_links":{"self":[{"href":"https:\/\/basen.sokolow-mlp.pl\/index.php?rest_route=\/wp\/v2\/pages\/284","targetHints":{"allow":["GET"]}}],"collection":[{"href":"https:\/\/basen.sokolow-mlp.pl\/index.php?rest_route=\/wp\/v2\/pages"}],"about":[{"href":"https:\/\/basen.sokolow-mlp.pl\/index.php?rest_route=\/wp\/v2\/types\/page"}],"author":[{"embeddable":true,"href":"https:\/\/basen.sokolow-mlp.pl\/index.php?rest_route=\/wp\/v2\/users\/4"}],"replies":[{"embeddable":true,"href":"https:\/\/basen.sokolow-mlp.pl\/index.php?rest_route=%2Fwp%2Fv2%2Fcomments&post=284"}],"version-history":[{"count":2,"href":"https:\/\/basen.sokolow-mlp.pl\/index.php?rest_route=\/wp\/v2\/pages\/284\/revisions"}],"predecessor-version":[{"id":292,"href":"https:\/\/basen.sokolow-mlp.pl\/index.php?rest_route=\/wp\/v2\/pages\/284\/revisions\/292"}],"wp:attachment":[{"href":"https:\/\/basen.sokolow-mlp.pl\/index.php?rest_route=%2Fwp%2Fv2%2Fmedia&parent=284"}],"curies":[{"name":"wp","href":"https:\/\/api.w.org\/{rel}","templated":true}]}}