{"id":219,"date":"2025-09-09T12:12:55","date_gmt":"2025-09-09T10:12:55","guid":{"rendered":"https:\/\/basen1.sokolow-mlp.pl\/?page_id=219"},"modified":"2025-09-09T12:24:08","modified_gmt":"2025-09-09T10:24:08","slug":"informacje","status":"publish","type":"page","link":"https:\/\/basen.sokolow-mlp.pl\/?page_id=219","title":{"rendered":"Informacje"},"content":{"rendered":"<p><strong>FAKTURY DO PARAGON\u00d3W FISKALNYCH<\/strong><\/p>\n<p>Nowe zasady wystawiania faktur do paragon\u00f3w fiskalnych.<\/p>\n<p>Od 1 stycznia 2020 r. chc\u0105c otrzyma\u0107 faktur\u0119 , nale\u017cy poda\u0107 przy wystawianiu paragonu numer NIP nabywcy.<br \/>\nParagon wystawiany jest przed wej\u015bciem na basen.<span class=\"text_exposed_show\"><br \/>\nDo paragonu bez NIP nie b\u0119dzie mo\u017cliwo\u015bci wystawienia faktury.<\/span><\/p>\n<p>Faktury do paragon\u00f3w fiskalnych<br \/>\nZmiany w zakresie wystawiania faktur do paragon\u00f3w fiskalnych zosta\u0142y wprowadzone ustaw\u0105 z 4.7.2019 r. o zmianie ustawy o podatku od towar\u00f3w i us\u0142ug oraz niekt\u00f3rych innych ustaw (Dz.U. z 2019 r. poz. 1520). Wynika z nich, \u017ce w przypadku sprzeda\u017cy zaewidencjonowanej przy zastosowaniu kasy rejestruj\u0105cej potwierdzonej paragonem fiskalnym faktur\u0119 na rzecz podatnika VAT wystawia si\u0119 wy\u0142\u0105cznie, je\u017celi paragon potwierdzaj\u0105cy dokonanie tej sprzeda\u017cy zawiera numer, za pomoc\u0105 kt\u00f3rego nabywca towar\u00f3w lub us\u0142ug jest zidentyfikowany na potrzeby VAT lub podatku od warto\u015bci dodanej.<\/p>\n<p>&nbsp;<\/p>\n<hr \/>\n<p>&nbsp;<\/p>\n<p><strong>KARTA DU\u017bEJ RODZINY<\/strong><\/p>\n<p>Mi\u0142o nam poinformowa\u0107, \u017ce Kryta P\u0142ywalnia w Soko\u0142owie Ma\u0142opolskim uczestniczy<br \/>\nw Programie Wojew\u00f3dzkiej Karty Du\u017cej Rodziny i Og\u00f3lnopolskiej Karty Du\u017cej Rodziny 3+.<\/p>\n<div class=\"text_exposed_show\">\n<p>Rodziny z wojew\u00f3dztwa podkarpackiego, posiadaj\u0105ce Kart\u0119 b\u0119d\u0105 mog\u0142y korzysta\u0107 ze zni\u017cek na:<br \/>\n&#8211; 10% zni\u017cki na zakup bilet\u00f3w normalnych<br \/>\n&#8211; 10% zni\u017cki na zakup bilet\u00f3w ulgowych<br \/>\n&#8211; 10% zni\u017cki na saun\u0119<br \/>\nOferta nie dotyczy zakupu karnet\u00f3w, wej\u015b\u0107 karnetowych, kurs\u00f3w p\u0142ywania jak r\u00f3wnie\u017c nie \u0142\u0105czy si\u0119 z innymi promocjami wprowadzonymi przez p\u0142ywalnie.<\/p>\n<p>Prosimy Osoby, kt\u00f3re posiadaj\u0105 lub pragn\u0105 skorzysta\u0107 z ulg<br \/>\nKARTY DU\u017bEJ RODZINY 3+<br \/>\no okazywanie ich w kasie Krytej P\u0142ywalni zar\u00f3wno przy zakupie bilet\u00f3w wst\u0119pu, jak i przy rozliczeniu si\u0119 z pobytu w obiekcie.<br \/>\nKa\u017cdy cz\u0142onek rodziny powinien posiada\u0107 w\u0142asn\u0105 kart\u0119 wystawion\u0105 Imiennie.<br \/>\nOsoby nie mog\u0105ce po\u015bwiadczy\u0107 posiadania Karty Du\u017cej Rodziny 3+ b\u0119d\u0105 rozliczane bez przys\u0142uguj\u0105cych ulg na t\u0119 kart\u0119.<\/p>\n<p>&nbsp;<\/p>\n<\/div>\n<hr \/>\n<p>&nbsp;<\/p>\n<p><strong>DRODZY KLIENCI, PRZYPOMINAMY \u017bE:<\/strong><\/p>\n<p>&#8211; Op\u0142aty za kursy p\u0142ywania uiszczane s\u0105 w kasie obiektu,<\/p>\n<p>&#8211; Kamery zainstalowane w szatniach (damskiej oraz m\u0119skiej) w \u017caden spos\u00f3b <strong>nie naruszaj\u0105<\/strong> d\u00f3br osobistych, godno\u015bci u\u017cytkownik\u00f3w oraz intymnego wizerunku tych os\u00f3b,<\/p>\n<p>&#8211; Posiadamy jeszcze wolne miejsca na <strong>Twoj\u0105 Reklam\u0119!\u00a0<\/strong>(Wszelkie informacje pod nr. 17-77-20-021, Kontakt do godziny 15:00)<\/p>\n<p>&#8211; Podczas korzystania z prysznic\u00f3w, prosimy o zachowanie norm etycznych<\/p>\n<p>&#8211; Kupuj\u0105c bilety ulgowe prosimy okazywa\u0107 stosowne wa\u017cne dokumenty uprawniaj\u0105ce do zni\u017cek.<\/p>\n<p>&#8211;\u00a0Uprasza si\u0119 klient\u00f3w o bezwzgl\u0119dne przestrzeganie Regulamin\u00f3w Krytej P\u0142ywalni, szczeg\u00f3lnie zapisu o odpowiednich strojach k\u0105pielowych i brania prysznica przed wej\u015bciem na pla\u017ce p\u0142ywalni oraz podporz\u0105dkowaniu si\u0119 uwagom przekazywanym przez Ratownik\u00f3w Krytej P\u0142ywalni.<\/p>\n<p>&#8211;\u00a0<strong>ZJE\u017bD\u017bALNIA JEST CZYNNA TYLKO GDY TEMPERATURA POWIETRZA NA ZEWN\u0104TRZ WYNOSI POWY\u017bEJ 10<sup>o<\/sup>C.\u00a0NI\u017bSZA TEMPERATURA POWIETRZA NA ZEWN\u0104TRZ (PONI\u017bEJ\u00a010<sup>o<\/sup>C) POWODUJE ZBYT DU\u017bE OCH\u0141ODZENIE WODY W NIECCE BASENU REKREACYJNEGO DLATEGO Z UWAGI NA POWY\u017bSZE WARUNKI ZJE\u017bD\u017bALNIA JEST NIECZYNNA W OKRESIE ZIMOWYM<\/strong><\/p>\n<p>&nbsp;<\/p>\n<hr \/>\n<p>&nbsp;<\/p>\n<p style=\"text-align: center;\">Z wielk\u0105 rado\u015bci\u0105 informujemy, \u017ce w rankingu wszystkich basen\u00f3w (wed\u0142ug portalu <a href=\"http:\/\/www.infobasen.pl\" rel=\"alternate\">www.infobasen.pl<\/a>) na Podkarpaciu zajmujemy<strong>\u00a0<\/strong><strong>I miejsce.<\/strong><\/p>\n<p><center>Dzi\u0119kujemy wszystkim korzystaj\u0105cym z naszego obiektu zar\u00f3wno za to, \u017ce s\u0105, jak i za wpisywane uwagi na stronie, te pozytywne jak i negatywne.<\/center><\/p>\n<p style=\"text-align: center;\">Wszystkie one s\u0142u\u017c\u0105 do poprawy jako\u015bci funkcjonowania Krytej P\u0142ywalni.<\/p>\n<p style=\"text-align: center;\"><strong>DZI\u0118KUJEMY!<\/strong><\/p>\n<p style=\"text-align: center;\">P\u0142ywalnia Przyjazna dla wszystkich<\/p>\n<p>&nbsp;<\/p>\n","protected":false},"excerpt":{"rendered":"<p>FAKTURY DO PARAGON\u00d3W FISKALNYCH Nowe zasady wystawiania faktur do paragon\u00f3w fiskalnych. Od 1 stycznia 2020 r. chc\u0105c otrzyma\u0107 faktur\u0119 , nale\u017cy poda\u0107 przy wystawianiu paragonu numer NIP nabywcy. Paragon wystawiany jest przed wej\u015bciem na basen. Do paragonu bez NIP nie b\u0119dzie mo\u017cliwo\u015bci wystawienia faktury. Faktury do paragon\u00f3w fiskalnych Zmiany w zakresie wystawiania faktur do paragon\u00f3w [&hellip;]<\/p>\n","protected":false},"author":4,"featured_media":0,"parent":0,"menu_order":0,"comment_status":"closed","ping_status":"closed","template":"","meta":{"footnotes":""},"class_list":["post-219","page","type-page","status-publish","hentry"],"_links":{"self":[{"href":"https:\/\/basen.sokolow-mlp.pl\/index.php?rest_route=\/wp\/v2\/pages\/219","targetHints":{"allow":["GET"]}}],"collection":[{"href":"https:\/\/basen.sokolow-mlp.pl\/index.php?rest_route=\/wp\/v2\/pages"}],"about":[{"href":"https:\/\/basen.sokolow-mlp.pl\/index.php?rest_route=\/wp\/v2\/types\/page"}],"author":[{"embeddable":true,"href":"https:\/\/basen.sokolow-mlp.pl\/index.php?rest_route=\/wp\/v2\/users\/4"}],"replies":[{"embeddable":true,"href":"https:\/\/basen.sokolow-mlp.pl\/index.php?rest_route=%2Fwp%2Fv2%2Fcomments&post=219"}],"version-history":[{"count":3,"href":"https:\/\/basen.sokolow-mlp.pl\/index.php?rest_route=\/wp\/v2\/pages\/219\/revisions"}],"predecessor-version":[{"id":226,"href":"https:\/\/basen.sokolow-mlp.pl\/index.php?rest_route=\/wp\/v2\/pages\/219\/revisions\/226"}],"wp:attachment":[{"href":"https:\/\/basen.sokolow-mlp.pl\/index.php?rest_route=%2Fwp%2Fv2%2Fmedia&parent=219"}],"curies":[{"name":"wp","href":"https:\/\/api.w.org\/{rel}","templated":true}]}}